{"id":684,"date":"2020-09-08T15:31:05","date_gmt":"2020-09-08T15:31:05","guid":{"rendered":"http:\/\/arno.org.mk\/rreth-arno-s\/"},"modified":"2024-10-14T07:05:32","modified_gmt":"2024-10-14T07:05:32","slug":"rreth-arnos","status":"publish","type":"page","link":"https:\/\/arno.org.mk\/sq\/rreth-arnos\/","title":{"rendered":"Rreth ARNO-s"},"content":{"rendered":"<p>ARNO \u00ebsht\u00eb nj\u00eb organizat\u00eb (shoqat\u00eb) p\u00ebr Inovacione Sociale e themeluar n\u00eb peizazhin civil t\u00eb Maqedonis\u00eb s\u00eb Veriut n\u00eb vitin 2013. Shoqata filloi duke siguruar zgjidhje p\u00ebr sfida t\u00eb m\u00ebdha globale me veprime t\u00eb vogla dhe lokale. Menj\u00ebher\u00eb pas projektit t\u00eb tij t\u00eb par\u00eb, ARNO u b\u00eb i njohur si nj\u00eb udh\u00ebheq\u00ebs themelor n\u00eb fush\u00ebn e Nd\u00ebrmarr\u00ebsis\u00eb Sociale. Fal\u00eb menaxhimit t\u00eb suksessh\u00ebm t\u00eb &#8220;Konkursit s\u00eb Ideve t\u00eb Gjelb\u00ebrta&#8221; p\u00ebr shum\u00eb vite, ajo gjithashtu njihet si nj\u00eb burim komb\u00ebtar p\u00ebr vet\u00ebdij\u00ebsim dhe frym\u00ebzim n\u00eb fush\u00ebn e Sip\u00ebrmarrjes s\u00eb Gjelb\u00ebr. ARNO \u00ebsht\u00eb nj\u00eb organizat\u00eb me vizion, talent, energji dhe burime, nj\u00eb organizat\u00eb q\u00eb mund t\u00eb konsiderohet si nj\u00eb burim kreativ p\u00ebr p\u00ebrmir\u00ebsimin e komunitetit n\u00eb t\u00eb cilin jetojm\u00eb. Ka vlera dhe q\u00ebndrime organizative q\u00eb promovojn\u00eb dhe mbajn\u00eb inovacionin, si\u00e7 jan\u00eb:<\/p>\n","protected":false},"excerpt":{"rendered":"<p>ARNO \u00ebsht\u00eb nj\u00eb organizat\u00eb (shoqat\u00eb) p\u00ebr Inovacione Sociale e themeluar n\u00eb peizazhin civil t\u00eb Maqedonis\u00eb s\u00eb Veriut n\u00eb vitin 2013. Shoqata filloi duke siguruar zgjidhje&#8230; [&#8230;]<\/p>\n<p><a class=\"btn btn-secondary understrap-read-more-link\" href=\"https:\/\/arno.org.mk\/sq\/rreth-arnos\/\">Read More&#8230;<\/a><\/p>\n","protected":false},"author":1,"featured_media":0,"parent":0,"menu_order":0,"comment_status":"closed","ping_status":"closed","template":"","meta":{"_acf_changed":false,"footnotes":""},"class_list":["post-684","page","type-page","status-publish","hentry"],"acf":[],"yoast_head":"<!-- This site is optimized with the Yoast SEO plugin v27.4 - https:\/\/yoast.com\/product\/yoast-seo-wordpress\/ -->\n<title>Rreth ARNO-s - ARNO<\/title>\n<meta name=\"robots\" content=\"index, follow, max-snippet:-1, max-image-preview:large, max-video-preview:-1\" \/>\n<link rel=\"canonical\" href=\"https:\/\/arno.org.mk\/sq\/rreth-arnos\/\" \/>\n<meta property=\"og:locale\" content=\"sq_AL\" \/>\n<meta property=\"og:type\" content=\"article\" \/>\n<meta property=\"og:title\" content=\"Rreth ARNO-s - ARNO\" \/>\n<meta property=\"og:description\" content=\"ARNO \u00ebsht\u00eb nj\u00eb organizat\u00eb (shoqat\u00eb) p\u00ebr Inovacione Sociale e themeluar n\u00eb peizazhin civil t\u00eb Maqedonis\u00eb s\u00eb Veriut n\u00eb vitin 2013. Shoqata filloi duke siguruar zgjidhje... [...]Read More...\" \/>\n<meta property=\"og:url\" content=\"https:\/\/arno.org.mk\/sq\/rreth-arnos\/\" \/>\n<meta property=\"og:site_name\" content=\"ARNO\" \/>\n<meta property=\"article:publisher\" content=\"https:\/\/www.facebook.com\/ARNO.Social.Innovation\" \/>\n<meta property=\"article:modified_time\" content=\"2024-10-14T07:05:32+00:00\" \/>\n<meta property=\"og:image\" content=\"https:\/\/arno.org.mk\/wp-content\/uploads\/2020\/11\/arno-def.jpg\" \/>\n\t<meta property=\"og:image:width\" content=\"1200\" \/>\n\t<meta property=\"og:image:height\" content=\"628\" \/>\n\t<meta property=\"og:image:type\" content=\"image\/jpeg\" \/>\n<meta name=\"twitter:card\" content=\"summary_large_image\" \/>\n<meta name=\"twitter:site\" content=\"@ARNO_mkd\" \/>\n<meta name=\"twitter:label1\" content=\"Est. reading time\" \/>\n\t<meta name=\"twitter:data1\" content=\"1 minute\" \/>\n<script type=\"application\/ld+json\" class=\"yoast-schema-graph\">{\"@context\":\"https:\\\/\\\/schema.org\",\"@graph\":[{\"@type\":\"WebPage\",\"@id\":\"https:\\\/\\\/arno.org.mk\\\/sq\\\/rreth-arnos\\\/\",\"url\":\"https:\\\/\\\/arno.org.mk\\\/sq\\\/rreth-arnos\\\/\",\"name\":\"Rreth ARNO-s - ARNO\",\"isPartOf\":{\"@id\":\"https:\\\/\\\/arno.org.mk\\\/sq\\\/#website\"},\"datePublished\":\"2020-09-08T15:31:05+00:00\",\"dateModified\":\"2024-10-14T07:05:32+00:00\",\"breadcrumb\":{\"@id\":\"https:\\\/\\\/arno.org.mk\\\/sq\\\/rreth-arnos\\\/#breadcrumb\"},\"inLanguage\":\"sq-AL\",\"potentialAction\":[{\"@type\":\"ReadAction\",\"target\":[\"https:\\\/\\\/arno.org.mk\\\/sq\\\/rreth-arnos\\\/\"]}]},{\"@type\":\"BreadcrumbList\",\"@id\":\"https:\\\/\\\/arno.org.mk\\\/sq\\\/rreth-arnos\\\/#breadcrumb\",\"itemListElement\":[{\"@type\":\"ListItem\",\"position\":1,\"name\":\"Faqja kryesore\",\"item\":\"https:\\\/\\\/arno.org.mk\\\/sq\\\/\"},{\"@type\":\"ListItem\",\"position\":2,\"name\":\"Rreth ARNO-s\"}]},{\"@type\":\"WebSite\",\"@id\":\"https:\\\/\\\/arno.org.mk\\\/sq\\\/#website\",\"url\":\"https:\\\/\\\/arno.org.mk\\\/sq\\\/\",\"name\":\"ARNO\",\"description\":\"We are ARNO and we do good!\",\"potentialAction\":[{\"@type\":\"SearchAction\",\"target\":{\"@type\":\"EntryPoint\",\"urlTemplate\":\"https:\\\/\\\/arno.org.mk\\\/sq\\\/?s={search_term_string}\"},\"query-input\":{\"@type\":\"PropertyValueSpecification\",\"valueRequired\":true,\"valueName\":\"search_term_string\"}}],\"inLanguage\":\"sq-AL\"}]}<\/script>\n<!-- \/ Yoast SEO plugin. -->","yoast_head_json":{"title":"Rreth ARNO-s - ARNO","robots":{"index":"index","follow":"follow","max-snippet":"max-snippet:-1","max-image-preview":"max-image-preview:large","max-video-preview":"max-video-preview:-1"},"canonical":"https:\/\/arno.org.mk\/sq\/rreth-arnos\/","og_locale":"sq_AL","og_type":"article","og_title":"Rreth ARNO-s - ARNO","og_description":"ARNO \u00ebsht\u00eb nj\u00eb organizat\u00eb (shoqat\u00eb) p\u00ebr Inovacione Sociale e themeluar n\u00eb peizazhin civil t\u00eb Maqedonis\u00eb s\u00eb Veriut n\u00eb vitin 2013. Shoqata filloi duke siguruar zgjidhje... [...]Read More...","og_url":"https:\/\/arno.org.mk\/sq\/rreth-arnos\/","og_site_name":"ARNO","article_publisher":"https:\/\/www.facebook.com\/ARNO.Social.Innovation","article_modified_time":"2024-10-14T07:05:32+00:00","og_image":[{"width":1200,"height":628,"url":"https:\/\/arno.org.mk\/wp-content\/uploads\/2020\/11\/arno-def.jpg","type":"image\/jpeg"}],"twitter_card":"summary_large_image","twitter_site":"@ARNO_mkd","twitter_misc":{"Est. reading time":"1 minute"},"schema":{"@context":"https:\/\/schema.org","@graph":[{"@type":"WebPage","@id":"https:\/\/arno.org.mk\/sq\/rreth-arnos\/","url":"https:\/\/arno.org.mk\/sq\/rreth-arnos\/","name":"Rreth ARNO-s - ARNO","isPartOf":{"@id":"https:\/\/arno.org.mk\/sq\/#website"},"datePublished":"2020-09-08T15:31:05+00:00","dateModified":"2024-10-14T07:05:32+00:00","breadcrumb":{"@id":"https:\/\/arno.org.mk\/sq\/rreth-arnos\/#breadcrumb"},"inLanguage":"sq-AL","potentialAction":[{"@type":"ReadAction","target":["https:\/\/arno.org.mk\/sq\/rreth-arnos\/"]}]},{"@type":"BreadcrumbList","@id":"https:\/\/arno.org.mk\/sq\/rreth-arnos\/#breadcrumb","itemListElement":[{"@type":"ListItem","position":1,"name":"Faqja kryesore","item":"https:\/\/arno.org.mk\/sq\/"},{"@type":"ListItem","position":2,"name":"Rreth ARNO-s"}]},{"@type":"WebSite","@id":"https:\/\/arno.org.mk\/sq\/#website","url":"https:\/\/arno.org.mk\/sq\/","name":"ARNO","description":"We are ARNO and we do good!","potentialAction":[{"@type":"SearchAction","target":{"@type":"EntryPoint","urlTemplate":"https:\/\/arno.org.mk\/sq\/?s={search_term_string}"},"query-input":{"@type":"PropertyValueSpecification","valueRequired":true,"valueName":"search_term_string"}}],"inLanguage":"sq-AL"}]}},"_links":{"self":[{"href":"https:\/\/arno.org.mk\/sq\/wp-json\/wp\/v2\/pages\/684","targetHints":{"allow":["GET"]}}],"collection":[{"href":"https:\/\/arno.org.mk\/sq\/wp-json\/wp\/v2\/pages"}],"about":[{"href":"https:\/\/arno.org.mk\/sq\/wp-json\/wp\/v2\/types\/page"}],"author":[{"embeddable":true,"href":"https:\/\/arno.org.mk\/sq\/wp-json\/wp\/v2\/users\/1"}],"replies":[{"embeddable":true,"href":"https:\/\/arno.org.mk\/sq\/wp-json\/wp\/v2\/comments?post=684"}],"version-history":[{"count":6,"href":"https:\/\/arno.org.mk\/sq\/wp-json\/wp\/v2\/pages\/684\/revisions"}],"predecessor-version":[{"id":7772,"href":"https:\/\/arno.org.mk\/sq\/wp-json\/wp\/v2\/pages\/684\/revisions\/7772"}],"wp:attachment":[{"href":"https:\/\/arno.org.mk\/sq\/wp-json\/wp\/v2\/media?parent=684"}],"curies":[{"name":"wp","href":"https:\/\/api.w.org\/{rel}","templated":true}]}}