{"id":682,"date":"2020-10-03T22:29:55","date_gmt":"2020-10-03T22:29:55","guid":{"rendered":"http:\/\/arno.org.mk\/manifest\/"},"modified":"2020-11-22T20:01:50","modified_gmt":"2020-11-22T20:01:50","slug":"manifesti","status":"publish","type":"page","link":"https:\/\/arno.org.mk\/sq\/manifesti\/","title":{"rendered":"Manifest"},"content":{"rendered":"<p>ARNO do t\u00eb thot\u00eb <a href=\"http:\/\/www.makedonski.info\/show\/%D0%B0%D1%80%D0%BD%D0%BE\/%D0%BF%D1%80%D0%B8%D0%BB#%D0%B0%D1%80%D0%BD%D0%BE\/%D1%81%D1%80\" target=\"_blank\" rel=\"noopener noreferrer\">&#8220;i\/e mir\u00eb&#8221;<\/a>. Kjo fjal\u00eb na udh\u00ebzon n\u00eb gjith\u00e7ka q\u00eb b\u00ebjm\u00eb. \u00cbsht\u00eb arsyeja pse b\u00ebjm\u00eb mir\u00eb, pse shohim mir\u00eb n\u00eb t\u00eb tjer\u00ebt dhe pse duam t\u00eb jemi t\u00eb mir\u00eb p\u00ebr shoq\u00ebrin\u00eb ton\u00eb.<\/p>\n<p>Ne e dim\u00eb se ndryshimi midis t\u00eb zakonsh\u00ebm dhe t\u00eb jasht\u00ebzakonsh\u00ebm, \u00ebsht\u00eb ai mundi pak m\u00eb ekstra. Kjo \u00ebsht\u00eb arsyeja pse ekipi yn\u00eb p\u00ebrb\u00ebhet nga mendje t\u00eb ndritshme dhe krijuese, me zemra filantropike, me shum\u00eb p\u00ebrvoj\u00eb n\u00eb industri, fusha t\u00eb ndryshme dhe t\u00eb gatsh\u00ebm p\u00ebr t\u00eb dh\u00ebn\u00eb at\u00eb mundin ekstra. Ne jemi t\u00eb apasionuar pas bashk\u00ebsive tona dhe shkaqeve, por gjithashtu kemi njohuri, rrjete dhe fleksibilitet, t\u00eb cilat jan\u00eb thelb\u00ebsore p\u00ebr t\u00eb mb\u00ebshtetur pasionin ton\u00eb. Ne besojm\u00eb se asgj\u00eb nuk \u00ebsht\u00eb e pamundur, thjesht duhet t\u00eb gjesh zgjidhjen e duhur.<\/p>\n<p>Ne n\u00eb ARNO besojm\u00eb se veprat duhet t\u00eb flasin vet\u00eb. Kjo \u00ebsht\u00eb arsyeja pse iniciativat tona si Konkursi Vjetor p\u00ebr Idet\u00eb e Gjelb\u00ebrta, Shitjet e Or\u00ebve t\u00eb Gatimit, Bashk\u00ebpunimi me profesor\u00ebt dhe m\u00ebsuesit e sip\u00ebrmarrjes, Mentorshipi p\u00ebr biznes sociale, Inkubimi i ideve p\u00ebr biznese sociale, Pun\u00ebtorit\u00eb p\u00ebr angazhimin e burrave n\u00eb pun\u00ebt e sht\u00ebpis\u00eb dhe shum\u00eb, shum\u00eb m\u00eb tep\u00ebr jan\u00eb shembuj t\u00eb gjall\u00eb t\u00eb k\u00ebsaj. K\u00ebto projekte dhe nd\u00ebrhyrje sociale theksojn\u00eb p\u00ebrkushtimin, gatishm\u00ebrin\u00eb dhe aft\u00ebsin\u00eb ton\u00eb p\u00ebr t\u00eb inovuar dhe p\u00ebr t&#8217;u p\u00ebrgjigjur sfidat sociale.<\/p>\n","protected":false},"excerpt":{"rendered":"<p>ARNO do t\u00eb thot\u00eb &#8220;i\/e mir\u00eb&#8221;. Kjo fjal\u00eb na udh\u00ebzon n\u00eb gjith\u00e7ka q\u00eb b\u00ebjm\u00eb. \u00cbsht\u00eb arsyeja pse b\u00ebjm\u00eb mir\u00eb, pse shohim mir\u00eb n\u00eb t\u00eb tjer\u00ebt&#8230; [&#8230;]<\/p>\n<p><a class=\"btn btn-secondary understrap-read-more-link\" href=\"https:\/\/arno.org.mk\/sq\/manifesti\/\">Read More&#8230;<\/a><\/p>\n","protected":false},"author":1,"featured_media":0,"parent":0,"menu_order":0,"comment_status":"closed","ping_status":"closed","template":"","meta":{"_acf_changed":false,"footnotes":""},"class_list":["post-682","page","type-page","status-publish","hentry"],"acf":[],"yoast_head":"<!-- This site is optimized with the Yoast SEO plugin v27.4 - https:\/\/yoast.com\/product\/yoast-seo-wordpress\/ -->\n<title>Manifest - ARNO<\/title>\n<meta name=\"robots\" content=\"index, follow, max-snippet:-1, max-image-preview:large, max-video-preview:-1\" \/>\n<link rel=\"canonical\" href=\"https:\/\/arno.org.mk\/sq\/manifesti\/\" \/>\n<meta property=\"og:locale\" content=\"sq_AL\" \/>\n<meta property=\"og:type\" content=\"article\" \/>\n<meta property=\"og:title\" content=\"Manifest - ARNO\" \/>\n<meta property=\"og:description\" content=\"ARNO do t\u00eb thot\u00eb &#8220;i\/e mir\u00eb&#8221;. Kjo fjal\u00eb na udh\u00ebzon n\u00eb gjith\u00e7ka q\u00eb b\u00ebjm\u00eb. \u00cbsht\u00eb arsyeja pse b\u00ebjm\u00eb mir\u00eb, pse shohim mir\u00eb n\u00eb t\u00eb tjer\u00ebt... [...]Read More...\" \/>\n<meta property=\"og:url\" content=\"https:\/\/arno.org.mk\/sq\/manifesti\/\" \/>\n<meta property=\"og:site_name\" content=\"ARNO\" \/>\n<meta property=\"article:publisher\" content=\"https:\/\/www.facebook.com\/ARNO.Social.Innovation\" \/>\n<meta property=\"article:modified_time\" content=\"2020-11-22T20:01:50+00:00\" \/>\n<meta property=\"og:image\" content=\"https:\/\/arno.org.mk\/wp-content\/uploads\/2020\/11\/arno-def.jpg\" \/>\n\t<meta property=\"og:image:width\" content=\"1200\" \/>\n\t<meta property=\"og:image:height\" content=\"628\" \/>\n\t<meta property=\"og:image:type\" content=\"image\/jpeg\" \/>\n<meta name=\"twitter:card\" content=\"summary_large_image\" \/>\n<meta name=\"twitter:site\" content=\"@ARNO_mkd\" \/>\n<meta name=\"twitter:label1\" content=\"Est. reading time\" \/>\n\t<meta name=\"twitter:data1\" content=\"1 minute\" \/>\n<script type=\"application\/ld+json\" class=\"yoast-schema-graph\">{\"@context\":\"https:\\\/\\\/schema.org\",\"@graph\":[{\"@type\":\"WebPage\",\"@id\":\"https:\\\/\\\/arno.org.mk\\\/sq\\\/manifesti\\\/\",\"url\":\"https:\\\/\\\/arno.org.mk\\\/sq\\\/manifesti\\\/\",\"name\":\"Manifest - ARNO\",\"isPartOf\":{\"@id\":\"https:\\\/\\\/arno.org.mk\\\/sq\\\/#website\"},\"datePublished\":\"2020-10-03T22:29:55+00:00\",\"dateModified\":\"2020-11-22T20:01:50+00:00\",\"breadcrumb\":{\"@id\":\"https:\\\/\\\/arno.org.mk\\\/sq\\\/manifesti\\\/#breadcrumb\"},\"inLanguage\":\"sq-AL\",\"potentialAction\":[{\"@type\":\"ReadAction\",\"target\":[\"https:\\\/\\\/arno.org.mk\\\/sq\\\/manifesti\\\/\"]}]},{\"@type\":\"BreadcrumbList\",\"@id\":\"https:\\\/\\\/arno.org.mk\\\/sq\\\/manifesti\\\/#breadcrumb\",\"itemListElement\":[{\"@type\":\"ListItem\",\"position\":1,\"name\":\"Faqja kryesore\",\"item\":\"https:\\\/\\\/arno.org.mk\\\/sq\\\/\"},{\"@type\":\"ListItem\",\"position\":2,\"name\":\"Manifest\"}]},{\"@type\":\"WebSite\",\"@id\":\"https:\\\/\\\/arno.org.mk\\\/sq\\\/#website\",\"url\":\"https:\\\/\\\/arno.org.mk\\\/sq\\\/\",\"name\":\"ARNO\",\"description\":\"We are ARNO and we do good!\",\"potentialAction\":[{\"@type\":\"SearchAction\",\"target\":{\"@type\":\"EntryPoint\",\"urlTemplate\":\"https:\\\/\\\/arno.org.mk\\\/sq\\\/?s={search_term_string}\"},\"query-input\":{\"@type\":\"PropertyValueSpecification\",\"valueRequired\":true,\"valueName\":\"search_term_string\"}}],\"inLanguage\":\"sq-AL\"}]}<\/script>\n<!-- \/ Yoast SEO plugin. -->","yoast_head_json":{"title":"Manifest - ARNO","robots":{"index":"index","follow":"follow","max-snippet":"max-snippet:-1","max-image-preview":"max-image-preview:large","max-video-preview":"max-video-preview:-1"},"canonical":"https:\/\/arno.org.mk\/sq\/manifesti\/","og_locale":"sq_AL","og_type":"article","og_title":"Manifest - ARNO","og_description":"ARNO do t\u00eb thot\u00eb &#8220;i\/e mir\u00eb&#8221;. Kjo fjal\u00eb na udh\u00ebzon n\u00eb gjith\u00e7ka q\u00eb b\u00ebjm\u00eb. \u00cbsht\u00eb arsyeja pse b\u00ebjm\u00eb mir\u00eb, pse shohim mir\u00eb n\u00eb t\u00eb tjer\u00ebt... [...]Read More...","og_url":"https:\/\/arno.org.mk\/sq\/manifesti\/","og_site_name":"ARNO","article_publisher":"https:\/\/www.facebook.com\/ARNO.Social.Innovation","article_modified_time":"2020-11-22T20:01:50+00:00","og_image":[{"width":1200,"height":628,"url":"https:\/\/arno.org.mk\/wp-content\/uploads\/2020\/11\/arno-def.jpg","type":"image\/jpeg"}],"twitter_card":"summary_large_image","twitter_site":"@ARNO_mkd","twitter_misc":{"Est. reading time":"1 minute"},"schema":{"@context":"https:\/\/schema.org","@graph":[{"@type":"WebPage","@id":"https:\/\/arno.org.mk\/sq\/manifesti\/","url":"https:\/\/arno.org.mk\/sq\/manifesti\/","name":"Manifest - ARNO","isPartOf":{"@id":"https:\/\/arno.org.mk\/sq\/#website"},"datePublished":"2020-10-03T22:29:55+00:00","dateModified":"2020-11-22T20:01:50+00:00","breadcrumb":{"@id":"https:\/\/arno.org.mk\/sq\/manifesti\/#breadcrumb"},"inLanguage":"sq-AL","potentialAction":[{"@type":"ReadAction","target":["https:\/\/arno.org.mk\/sq\/manifesti\/"]}]},{"@type":"BreadcrumbList","@id":"https:\/\/arno.org.mk\/sq\/manifesti\/#breadcrumb","itemListElement":[{"@type":"ListItem","position":1,"name":"Faqja kryesore","item":"https:\/\/arno.org.mk\/sq\/"},{"@type":"ListItem","position":2,"name":"Manifest"}]},{"@type":"WebSite","@id":"https:\/\/arno.org.mk\/sq\/#website","url":"https:\/\/arno.org.mk\/sq\/","name":"ARNO","description":"We are ARNO and we do good!","potentialAction":[{"@type":"SearchAction","target":{"@type":"EntryPoint","urlTemplate":"https:\/\/arno.org.mk\/sq\/?s={search_term_string}"},"query-input":{"@type":"PropertyValueSpecification","valueRequired":true,"valueName":"search_term_string"}}],"inLanguage":"sq-AL"}]}},"_links":{"self":[{"href":"https:\/\/arno.org.mk\/sq\/wp-json\/wp\/v2\/pages\/682","targetHints":{"allow":["GET"]}}],"collection":[{"href":"https:\/\/arno.org.mk\/sq\/wp-json\/wp\/v2\/pages"}],"about":[{"href":"https:\/\/arno.org.mk\/sq\/wp-json\/wp\/v2\/types\/page"}],"author":[{"embeddable":true,"href":"https:\/\/arno.org.mk\/sq\/wp-json\/wp\/v2\/users\/1"}],"replies":[{"embeddable":true,"href":"https:\/\/arno.org.mk\/sq\/wp-json\/wp\/v2\/comments?post=682"}],"version-history":[{"count":0,"href":"https:\/\/arno.org.mk\/sq\/wp-json\/wp\/v2\/pages\/682\/revisions"}],"wp:attachment":[{"href":"https:\/\/arno.org.mk\/sq\/wp-json\/wp\/v2\/media?parent=682"}],"curies":[{"name":"wp","href":"https:\/\/api.w.org\/{rel}","templated":true}]}}